{"id":2,"date":"2022-10-18T04:54:36","date_gmt":"2022-10-18T04:54:36","guid":{"rendered":"http:\/\/patomedycyna.pl\/?page_id=2"},"modified":"2022-10-18T05:12:53","modified_gmt":"2022-10-18T05:12:53","slug":"o-nas","status":"publish","type":"page","link":"https:\/\/patomedycyna.pl\/?page_id=2","title":{"rendered":"O nas"},"content":{"rendered":"\n<p>Patomedycyna- zestawienie patologii z medycyn\u0105. Ale tu niewiele b\u0119d\u0119 m\u00f3wi\u0142 o chorobach w \u015bcis\u0142ym tego s\u0142owa znaczeniu. B\u0119d\u0105 to raczej opowie\u015bci o ludziach. Z jednej strony tych kt\u00f3rzy \u015bwiadcz\u0105 us\u0142ugi w zakresie ochrony zdrowia- przede wszystkim lekarzach- to \u015brodowisko znam najlepiej, bo sam jestem lekarzem. Znam te\u017c \u015brodowisko pacjent\u00f3w, bo ich lecz\u0119. Wydaje mi si\u0119- wydaje, bo przecie\u017c \u017cadnych bada\u0144 w tym zakresie nie prowadzi\u0142em- \u017ce w tych \u015brodowiskach dzia\u0142a co\u015b jakby odwrotna regu\u0142a Pareto, czyli 80 procent a mo\u017ce i wi\u0119cej \u015bwiadcz\u0105cych us\u0142ugi, czyli medyk\u00f3w lubi a co najmniej akceptuje swoj\u0105 prac\u0119, chce i mo\u017ce pom\u00f3c swoim pacjentom. Z drugiej strony co najmniej 80 procent pacjent\u00f3w chce si\u0119 leczy\u0107, rzetelnie podchodzi do zalece\u0144 lekarskich, przychodzi na wizyty, wykonuje badania, przyjmuje leki. Ale&#8230; no w\u0142a\u015bnie ale&#8230;. W tych 20 procentach mo\u017cna znale\u017a\u0107 zar\u00f3wno po jednej jak i drugiej stronie takich, kt\u00f3rych lepiej\u00a0 \u017ceby tam nigdy nie by\u0142o. Jak to trafnie uj\u0105\u0142 Kazimierz Sejda- autor znakomitej ksi\u0105\u017cki CK Dezerterzy- na idiot\u0119 trzeba zwr\u00f3ci\u0107 szczeg\u00f3ln\u0105 uwag\u0119, bo idiota najbardziej rzuca si\u0119 w oczy. I o tym b\u0119dzie to wszystko. Uprzedzam- b\u0119dzie i strasznie i \u015bmiesznie- czytacie na w\u0142asn\u0105 odpowiedzialno\u015b\u0107<\/p>\n","protected":false},"excerpt":{"rendered":"<p>Patomedycyna- zestawienie patologii z medycyn\u0105. Ale tu niewiele b\u0119d\u0119 m\u00f3wi\u0142 o chorobach w \u015bcis\u0142ym tego s\u0142owa znaczeniu. B\u0119d\u0105 to raczej opowie\u015bci o ludziach. Z jednej strony tych kt\u00f3rzy \u015bwiadcz\u0105 us\u0142ugi w zakresie ochrony zdrowia- przede wszystkim lekarzach- to \u015brodowisko znam najlepiej, bo sam jestem lekarzem. Znam te\u017c \u015brodowisko pacjent\u00f3w, bo ich lecz\u0119. Wydaje mi si\u0119- [&hellip;]<\/p>\n","protected":false},"author":1,"featured_media":0,"parent":0,"menu_order":0,"comment_status":"closed","ping_status":"open","template":"","meta":{"footnotes":""},"class_list":["post-2","page","type-page","status-publish","hentry"],"_links":{"self":[{"href":"https:\/\/patomedycyna.pl\/index.php?rest_route=\/wp\/v2\/pages\/2","targetHints":{"allow":["GET"]}}],"collection":[{"href":"https:\/\/patomedycyna.pl\/index.php?rest_route=\/wp\/v2\/pages"}],"about":[{"href":"https:\/\/patomedycyna.pl\/index.php?rest_route=\/wp\/v2\/types\/page"}],"author":[{"embeddable":true,"href":"https:\/\/patomedycyna.pl\/index.php?rest_route=\/wp\/v2\/users\/1"}],"replies":[{"embeddable":true,"href":"https:\/\/patomedycyna.pl\/index.php?rest_route=%2Fwp%2Fv2%2Fcomments&post=2"}],"version-history":[{"count":1,"href":"https:\/\/patomedycyna.pl\/index.php?rest_route=\/wp\/v2\/pages\/2\/revisions"}],"predecessor-version":[{"id":10,"href":"https:\/\/patomedycyna.pl\/index.php?rest_route=\/wp\/v2\/pages\/2\/revisions\/10"}],"wp:attachment":[{"href":"https:\/\/patomedycyna.pl\/index.php?rest_route=%2Fwp%2Fv2%2Fmedia&parent=2"}],"curies":[{"name":"wp","href":"https:\/\/api.w.org\/{rel}","templated":true}]}}